{"id":2273,"date":"2018-10-09T17:16:46","date_gmt":"2018-10-09T15:16:46","guid":{"rendered":"https:\/\/www.advanced-rsm.com\/politica-de-proteccion-de-datos\/"},"modified":"2019-02-19T09:12:22","modified_gmt":"2019-02-19T08:12:22","slug":"data-protection-policy","status":"publish","type":"page","link":"https:\/\/www.advanced-rsm.com\/en\/data-protection-policy\/","title":{"rendered":"Data Protection Policy"},"content":{"rendered":"\t\t<div data-elementor-type=\"wp-post\" data-elementor-id=\"2273\" class=\"elementor elementor-2273\" data-elementor-post-type=\"page\">\n\t\t\t\t\t\t<section class=\"elementor-section elementor-top-section elementor-element elementor-element-5abb9ad elementor-section-content-top elementor-section-boxed elementor-section-height-default elementor-section-height-default\" data-id=\"5abb9ad\" data-element_type=\"section\" data-e-type=\"section\" data-settings=\"{&quot;background_background&quot;:&quot;classic&quot;}\">\n\t\t\t\t\t\t<div class=\"elementor-container elementor-column-gap-no\">\n\t\t\t\t\t<div class=\"elementor-column elementor-col-100 elementor-top-column elementor-element elementor-element-e15325b\" data-id=\"e15325b\" data-element_type=\"column\" data-e-type=\"column\">\n\t\t\t<div class=\"elementor-widget-wrap elementor-element-populated\">\n\t\t\t\t\t\t<div class=\"elementor-element elementor-element-76c0549 elementor-widget elementor-widget-heading\" data-id=\"76c0549\" data-element_type=\"widget\" data-e-type=\"widget\" data-widget_type=\"heading.default\">\n\t\t\t\t<div class=\"elementor-widget-container\">\n\t\t\t\t\t<h1 class=\"elementor-heading-title elementor-size-default\"><b>Data Protection<\/b> Policy.<\/h1>\t\t\t\t<\/div>\n\t\t\t\t<\/div>\n\t\t\t\t<div class=\"elementor-element elementor-element-0913e92 elementor-widget elementor-widget-text-editor\" data-id=\"0913e92\" data-element_type=\"widget\" data-e-type=\"widget\" data-widget_type=\"text-editor.default\">\n\t\t\t\t<div class=\"elementor-widget-container\">\n\t\t\t\t\t\t\t\t\t<p><span lang=\"EN-GB\">Management \/ Governing Body of <b>Advanced Research and Strategic Marketing S.L<\/b>. (henceforth, the Data Controller), takes full responsibility and commitment for the establishment, implementation and maintenance of the Data Protection policy in place, guaranteeing the continued improvement of the Data Controller with the aim of reaching excellence relating to filling\u00a0the regulation (EU) 2016\/679 of the European Union and\u00a0Council, from 27th April 2016, regarding the protection of people regarding the collection of personal data and the free circulation of this data and subsequently repeals the enforced 95\/46\/CE (General regulation of Data Protection) (DOUE L 119\/1,04-05-2016), and Spanish regulations for the collection of personal data (Ley Org\u00e1nica, legislaci\u00f3n sectorial espec\u00edfica y sus normas de desarrollo).<\/span><\/p><p>The Data Protection Policy of <b>Advanced Research and Strategic Marketing S.L.<\/b>\u00a0is underpinned by the principle of proactive responsibility, according to which the data controller charged with meeting normal and legal standards which governs said Policy, and is capable to demonstrate it before the authorities of\u00a0appropriate authorities.<\/p><p>In this sense, the Data Controller\u00a0will be governed by the following principles that should be followed as a guide and reference point for all personal when dealing with personal data:<\/p><ol><li><u>Data Protection from the design:<\/u> the Data controller will apply, equally in the moment of determining the means of data collection as in the moment of the actual treatment, appropriate technical and organisational means, such as encryption, conceived to apply in an effective way the principles of data protection, like the minimisation of data and integrate necessary guarantees in its treatment.<\/li><\/ol><ol start=\"2\"><li><u>Protection of data by defect:<\/u> the data controller will apply the appropriate technical and organisational means with\u00a0the aim of guaranteeing that, by defect, only necessary personal data should be collected for each one of the specified aims of collection.<\/li><\/ol><ol start=\"3\"><li><u>Data protection in the information life cycle:<\/u> steps taken that guarantee the protection of personal data will be applied during the entire information life cycle.<\/li><\/ol><ol start=\"4\"><li><u>Lawfulness, loyalty and transparency:<\/u> personal data will be treated in a legal, fair and transparent way as far as the involved party is concerned.<\/li><\/ol><ol start=\"5\"><li><u>Purpose limitation:<\/u> the personal data will be collected with clear, explicit and legitimate objectives, and will not be treated ultimately in way which goes against said aims.<\/li><\/ol><ol start=\"6\"><li><u>Data minimisation:<\/u> personal data will be adequate, relevant and limited to the required information related to the aims for which they will be treated.<\/li><\/ol><ol start=\"7\"><li><u>Accuracy:<\/u> personal data will be exact, and if necessary updated: all reasonable steps will be adopted to delete and rectify any personal data without delay which might be incorrect regarding the purpose for which they will be treated.<\/li><\/ol><ol start=\"8\"><li><u>Limitation of the conservation period:<\/u> personal data will be maintained in way that will not allow the identification of the concerned for more time than is necessary for the purpose of personal data.<\/li><\/ol><ol start=\"9\"><li><u>Integrity and confidentiality:<\/u> personal data will be treated in such a way that sufficient security of personal data, including the protection against non-authorised treatment or illegal or against its loss, destruction or accidental harm, through the application of appropriate technical and organisational steps.<\/li><\/ol><ol start=\"10\"><li><u>Information and training:<\/u> one of the keys to guarantee the protection of personal data is training and information that allows any personnel involved in the treatment of the same. During the information life cycle, all personnel with access to data will be sufficiently trained and informed of their obligations regarding the fulfilling of the data protection rules.\u00a0<\/li><\/ol><p>The Data Protection Policy of <strong>Advanced Research and Strategic Marketing S.L.<\/strong> is communicated to all the personnel of the Data Collector and made available to all involved parties.<\/p><p>As a result, the current Data Protection Policy\u00a0involves all personnel of the Data Collector, who must know and follow it, always keeping it in mind, taking responsibility to apply it and check the norms of data protection applicable to its activity, and so identify and bring the opportunities to improve which it considers would help to reach excellence in relation to its fulfilment.<\/p><p>This policy will be revised by Management\/Governing Body of <strong>Advanced Research and Strategic Marketing S.L.<\/strong>, as many times as it considers necessary, to adapt to any moment, the law enforced related to the data protection of personal data.<\/p>\t\t\t\t\t\t\t\t<\/div>\n\t\t\t\t<\/div>\n\t\t\t\t\t<\/div>\n\t\t<\/div>\n\t\t\t\t\t<\/div>\n\t\t<\/section>\n\t\t\t\t<\/div>\n\t\t","protected":false},"excerpt":{"rendered":"<p>Data Protection Policy. Management \/ Governing Body of Advanced Research and Strategic Marketing S.L. (henceforth, the Data Controller), takes full responsibility and commitment for the establishment, implementation and maintenance of the Data Protection policy in place, guaranteeing the continued improvement of the Data Controller with the aim of reaching excellence relating to filling\u00a0the regulation (EU) &#8230; <a title=\"Data Protection Policy\" class=\"read-more\" href=\"https:\/\/www.advanced-rsm.com\/en\/data-protection-policy\/\" aria-label=\"Read more about Data Protection Policy\">Read more<\/a><\/p>\n","protected":false},"author":1,"featured_media":0,"parent":0,"menu_order":0,"comment_status":"closed","ping_status":"closed","template":"elementor_header_footer","meta":{"_acf_changed":false,"footnotes":""},"class_list":["post-2273","page","type-page","status-publish"],"acf":[],"yoast_head":"<!-- This site is optimized with the Yoast SEO plugin v27.3 - https:\/\/yoast.com\/product\/yoast-seo-wordpress\/ -->\n<title>Data Protection Policy - Advanced<\/title>\n<meta name=\"robots\" content=\"index, follow, max-snippet:-1, max-image-preview:large, max-video-preview:-1\" \/>\n<link rel=\"canonical\" href=\"https:\/\/www.advanced-rsm.com\/en\/data-protection-policy\/\" \/>\n<meta property=\"og:locale\" content=\"en_US\" \/>\n<meta property=\"og:type\" content=\"article\" \/>\n<meta property=\"og:title\" content=\"Data Protection Policy - Advanced\" \/>\n<meta property=\"og:description\" content=\"Data Protection Policy. Management \/ Governing Body of Advanced Research and Strategic Marketing S.L. (henceforth, the Data Controller), takes full responsibility and commitment for the establishment, implementation and maintenance of the Data Protection policy in place, guaranteeing the continued improvement of the Data Controller with the aim of reaching excellence relating to filling\u00a0the regulation (EU) ... Read more\" \/>\n<meta property=\"og:url\" content=\"https:\/\/www.advanced-rsm.com\/en\/data-protection-policy\/\" \/>\n<meta property=\"og:site_name\" content=\"Advanced\" \/>\n<meta property=\"article:modified_time\" content=\"2019-02-19T08:12:22+00:00\" \/>\n<meta name=\"twitter:card\" content=\"summary_large_image\" \/>\n<meta name=\"twitter:label1\" content=\"Est. reading time\" \/>\n\t<meta name=\"twitter:data1\" content=\"4 minutes\" \/>\n<script type=\"application\/ld+json\" class=\"yoast-schema-graph\">{\"@context\":\"https:\\\/\\\/schema.org\",\"@graph\":[{\"@type\":\"WebPage\",\"@id\":\"https:\\\/\\\/www.advanced-rsm.com\\\/en\\\/data-protection-policy\\\/\",\"url\":\"https:\\\/\\\/www.advanced-rsm.com\\\/en\\\/data-protection-policy\\\/\",\"name\":\"Data Protection Policy - Advanced\",\"isPartOf\":{\"@id\":\"https:\\\/\\\/www.advanced-rsm.com\\\/en\\\/#website\"},\"datePublished\":\"2018-10-09T15:16:46+00:00\",\"dateModified\":\"2019-02-19T08:12:22+00:00\",\"breadcrumb\":{\"@id\":\"https:\\\/\\\/www.advanced-rsm.com\\\/en\\\/data-protection-policy\\\/#breadcrumb\"},\"inLanguage\":\"en-US\",\"potentialAction\":[{\"@type\":\"ReadAction\",\"target\":[\"https:\\\/\\\/www.advanced-rsm.com\\\/en\\\/data-protection-policy\\\/\"]}]},{\"@type\":\"BreadcrumbList\",\"@id\":\"https:\\\/\\\/www.advanced-rsm.com\\\/en\\\/data-protection-policy\\\/#breadcrumb\",\"itemListElement\":[{\"@type\":\"ListItem\",\"position\":1,\"name\":\"Home\",\"item\":\"https:\\\/\\\/www.advanced-rsm.com\\\/en\\\/\"},{\"@type\":\"ListItem\",\"position\":2,\"name\":\"Data Protection Policy\"}]},{\"@type\":\"WebSite\",\"@id\":\"https:\\\/\\\/www.advanced-rsm.com\\\/en\\\/#website\",\"url\":\"https:\\\/\\\/www.advanced-rsm.com\\\/en\\\/\",\"name\":\"Advanced\",\"description\":\"ADVANCED es una compa\u00f1\u00eda independiente especializada en Consultor\u00eda de Marketing y en Soluciones Adhoc de Market Research, que integra t\u00e9cnicas tradicionales de investigaci\u00f3n de mercados, comunidad online, an\u00e1lisis digital, neurociencias del consumidor e inteligencia artificial\",\"publisher\":{\"@id\":\"https:\\\/\\\/www.advanced-rsm.com\\\/en\\\/#organization\"},\"potentialAction\":[{\"@type\":\"SearchAction\",\"target\":{\"@type\":\"EntryPoint\",\"urlTemplate\":\"https:\\\/\\\/www.advanced-rsm.com\\\/en\\\/?s={search_term_string}\"},\"query-input\":{\"@type\":\"PropertyValueSpecification\",\"valueRequired\":true,\"valueName\":\"search_term_string\"}}],\"inLanguage\":\"en-US\"},{\"@type\":\"Organization\",\"@id\":\"https:\\\/\\\/www.advanced-rsm.com\\\/en\\\/#organization\",\"name\":\"ADVANCED\",\"url\":\"https:\\\/\\\/www.advanced-rsm.com\\\/en\\\/\",\"logo\":{\"@type\":\"ImageObject\",\"inLanguage\":\"en-US\",\"@id\":\"https:\\\/\\\/www.advanced-rsm.com\\\/en\\\/#\\\/schema\\\/logo\\\/image\\\/\",\"url\":\"https:\\\/\\\/www.advanced-rsm.com\\\/wp-content\\\/uploads\\\/logo-4498ed.jpg\",\"contentUrl\":\"https:\\\/\\\/www.advanced-rsm.com\\\/wp-content\\\/uploads\\\/logo-4498ed.jpg\",\"width\":558,\"height\":128,\"caption\":\"ADVANCED\"},\"image\":{\"@id\":\"https:\\\/\\\/www.advanced-rsm.com\\\/en\\\/#\\\/schema\\\/logo\\\/image\\\/\"}}]}<\/script>\n<!-- \/ Yoast SEO plugin. -->","yoast_head_json":{"title":"Data Protection Policy - Advanced","robots":{"index":"index","follow":"follow","max-snippet":"max-snippet:-1","max-image-preview":"max-image-preview:large","max-video-preview":"max-video-preview:-1"},"canonical":"https:\/\/www.advanced-rsm.com\/en\/data-protection-policy\/","og_locale":"en_US","og_type":"article","og_title":"Data Protection Policy - Advanced","og_description":"Data Protection Policy. Management \/ Governing Body of Advanced Research and Strategic Marketing S.L. (henceforth, the Data Controller), takes full responsibility and commitment for the establishment, implementation and maintenance of the Data Protection policy in place, guaranteeing the continued improvement of the Data Controller with the aim of reaching excellence relating to filling\u00a0the regulation (EU) ... Read more","og_url":"https:\/\/www.advanced-rsm.com\/en\/data-protection-policy\/","og_site_name":"Advanced","article_modified_time":"2019-02-19T08:12:22+00:00","twitter_card":"summary_large_image","twitter_misc":{"Est. reading time":"4 minutes"},"schema":{"@context":"https:\/\/schema.org","@graph":[{"@type":"WebPage","@id":"https:\/\/www.advanced-rsm.com\/en\/data-protection-policy\/","url":"https:\/\/www.advanced-rsm.com\/en\/data-protection-policy\/","name":"Data Protection Policy - Advanced","isPartOf":{"@id":"https:\/\/www.advanced-rsm.com\/en\/#website"},"datePublished":"2018-10-09T15:16:46+00:00","dateModified":"2019-02-19T08:12:22+00:00","breadcrumb":{"@id":"https:\/\/www.advanced-rsm.com\/en\/data-protection-policy\/#breadcrumb"},"inLanguage":"en-US","potentialAction":[{"@type":"ReadAction","target":["https:\/\/www.advanced-rsm.com\/en\/data-protection-policy\/"]}]},{"@type":"BreadcrumbList","@id":"https:\/\/www.advanced-rsm.com\/en\/data-protection-policy\/#breadcrumb","itemListElement":[{"@type":"ListItem","position":1,"name":"Home","item":"https:\/\/www.advanced-rsm.com\/en\/"},{"@type":"ListItem","position":2,"name":"Data Protection Policy"}]},{"@type":"WebSite","@id":"https:\/\/www.advanced-rsm.com\/en\/#website","url":"https:\/\/www.advanced-rsm.com\/en\/","name":"Advanced","description":"ADVANCED es una compa\u00f1\u00eda independiente especializada en Consultor\u00eda de Marketing y en Soluciones Adhoc de Market Research, que integra t\u00e9cnicas tradicionales de investigaci\u00f3n de mercados, comunidad online, an\u00e1lisis digital, neurociencias del consumidor e inteligencia artificial","publisher":{"@id":"https:\/\/www.advanced-rsm.com\/en\/#organization"},"potentialAction":[{"@type":"SearchAction","target":{"@type":"EntryPoint","urlTemplate":"https:\/\/www.advanced-rsm.com\/en\/?s={search_term_string}"},"query-input":{"@type":"PropertyValueSpecification","valueRequired":true,"valueName":"search_term_string"}}],"inLanguage":"en-US"},{"@type":"Organization","@id":"https:\/\/www.advanced-rsm.com\/en\/#organization","name":"ADVANCED","url":"https:\/\/www.advanced-rsm.com\/en\/","logo":{"@type":"ImageObject","inLanguage":"en-US","@id":"https:\/\/www.advanced-rsm.com\/en\/#\/schema\/logo\/image\/","url":"https:\/\/www.advanced-rsm.com\/wp-content\/uploads\/logo-4498ed.jpg","contentUrl":"https:\/\/www.advanced-rsm.com\/wp-content\/uploads\/logo-4498ed.jpg","width":558,"height":128,"caption":"ADVANCED"},"image":{"@id":"https:\/\/www.advanced-rsm.com\/en\/#\/schema\/logo\/image\/"}}]}},"_links":{"self":[{"href":"https:\/\/www.advanced-rsm.com\/en\/wp-json\/wp\/v2\/pages\/2273","targetHints":{"allow":["GET"]}}],"collection":[{"href":"https:\/\/www.advanced-rsm.com\/en\/wp-json\/wp\/v2\/pages"}],"about":[{"href":"https:\/\/www.advanced-rsm.com\/en\/wp-json\/wp\/v2\/types\/page"}],"author":[{"embeddable":true,"href":"https:\/\/www.advanced-rsm.com\/en\/wp-json\/wp\/v2\/users\/1"}],"replies":[{"embeddable":true,"href":"https:\/\/www.advanced-rsm.com\/en\/wp-json\/wp\/v2\/comments?post=2273"}],"version-history":[{"count":3,"href":"https:\/\/www.advanced-rsm.com\/en\/wp-json\/wp\/v2\/pages\/2273\/revisions"}],"predecessor-version":[{"id":2344,"href":"https:\/\/www.advanced-rsm.com\/en\/wp-json\/wp\/v2\/pages\/2273\/revisions\/2344"}],"wp:attachment":[{"href":"https:\/\/www.advanced-rsm.com\/en\/wp-json\/wp\/v2\/media?parent=2273"}],"curies":[{"name":"wp","href":"https:\/\/api.w.org\/{rel}","templated":true}]}}