{"id":2348,"date":"2018-10-09T17:08:18","date_gmt":"2018-10-09T15:08:18","guid":{"rendered":"https:\/\/www.advanced-rsm.com\/sus-datos-seguros\/"},"modified":"2019-02-19T09:46:14","modified_gmt":"2019-02-19T08:46:14","slug":"your-secure-data","status":"publish","type":"page","link":"https:\/\/www.advanced-rsm.com\/en\/your-secure-data\/","title":{"rendered":"Your secure data"},"content":{"rendered":"\t\t<div data-elementor-type=\"wp-post\" data-elementor-id=\"2348\" class=\"elementor elementor-2348 elementor-bc-flex-widget\" data-elementor-post-type=\"page\">\n\t\t\t\t\t\t<section class=\"elementor-section elementor-top-section elementor-element elementor-element-deea1c3 elementor-section-boxed elementor-section-height-default elementor-section-height-default\" data-id=\"deea1c3\" data-element_type=\"section\" data-e-type=\"section\">\n\t\t\t\t\t\t<div class=\"elementor-container elementor-column-gap-default\">\n\t\t\t\t\t<div class=\"elementor-column elementor-col-100 elementor-top-column elementor-element elementor-element-51a2092\" data-id=\"51a2092\" data-element_type=\"column\" data-e-type=\"column\">\n\t\t\t<div class=\"elementor-widget-wrap elementor-element-populated\">\n\t\t\t\t\t\t<div class=\"elementor-element elementor-element-009a10f elementor-widget elementor-widget-heading\" data-id=\"009a10f\" data-element_type=\"widget\" data-e-type=\"widget\" data-widget_type=\"heading.default\">\n\t\t\t\t<div class=\"elementor-widget-container\">\n\t\t\t\t\t<h1 class=\"elementor-heading-title elementor-size-default\">Your <b>secure<\/b> data.<\/h1>\t\t\t\t<\/div>\n\t\t\t\t<\/div>\n\t\t\t\t<div class=\"elementor-element elementor-element-abce8c1 elementor-widget elementor-widget-text-editor\" data-id=\"abce8c1\" data-element_type=\"widget\" data-e-type=\"widget\" data-widget_type=\"text-editor.default\">\n\t\t\t\t<div class=\"elementor-widget-container\">\n\t\t\t\t\t\t\t\t\t<p>Information in compliance with protection of personal data.<\/p>\t\t\t\t\t\t\t\t<\/div>\n\t\t\t\t<\/div>\n\t\t\t\t<div class=\"elementor-element elementor-element-5b1f8b6 elementor-widget elementor-widget-text-editor\" data-id=\"5b1f8b6\" data-element_type=\"widget\" data-e-type=\"widget\" data-widget_type=\"text-editor.default\">\n\t\t\t\t<div class=\"elementor-widget-container\">\n\t\t\t\t\t\t\t\t\t<p>In Europe and Spain there are data protection rules created to protect your personal information, compulsory for our organisation to comply with.<\/p><p>For this, it is very important for us that you understand perfectly what we are going to do with your personal data that we ask for.<\/p><p>So, we will be transparent, and we will give you control of you data, with simple language and clear options that will you to decide what we do with your personal information.\u00a0<\/p><p>If once you have read this information, you have any questions, please do not hesitate to ask us.<\/p><p>Thank you very much for your cooperation.<\/p><p><strong>#1. Who are we<\/strong><strong>?<\/strong><\/p><ul><li>Name: <strong>Advanced Research and Strategic Marketing S.L.\u00a0<\/strong><\/li><li>ID number CIF \/ NIF: <strong>B84210988<\/strong><\/li><li>Main activity: <strong>Carrying out Market Research and public opinion studies <\/strong><\/li><li>Address:\u00a0<strong>Avenida de Am\u00e9rica 35 1\u00b0 Oficina 8, CP 28002, Madrid (Madrid)<\/strong><\/li><li>Contact Number:<strong>\u00a0639763548<\/strong><\/li><li>Email: <strong>miguel.lazaro@advanced-rsm.com<\/strong><\/li><li>Website:\u00a0<strong>advanced-rsm.com<\/strong><\/li><\/ul><p><strong>Administrative authorisation:<\/strong><strong>\u00a0<\/strong><\/p><ul><li>The\u00a0person responsible for this page\u00a0applies a regulated profession, for which we provide the following information:<\/li><\/ul><p>We are available, feel free to get in touch with us.<\/p><ul><li><strong>What are we going to use your data for?<\/strong><\/li><\/ul><p>Generally your personal data will be used to be able to\u00a0interact with you and be able to\u00a0offer our services to you.<\/p><p>Additionally, they can also be used for other activities like sending you publicity or promoting our activities.<\/p><ul><li><strong>Why do we need to use your data?<\/strong><\/li><\/ul><p>Your personal data are necessary to be able to interact with you and be able to offer your our services. In this way, we will make available a series of checkboxes that will allow you to decide in a clear and simple way how your personal information is used.<\/p><ul><li><strong>Who is going to have access to the information we ask from you?<\/strong><\/li><\/ul><p>Generally, only personnel from our organisation strictly authorised will be able to have access to the information we ask from you.<\/p><p>In the same way, some organisations will be able to have access to your information those who need to have access to this information in order for us to offer you our services. For example, our bank will see your data if the payment for our servicies is carried out through a card or bank transfer.\u00a0<\/p><p>Likewise, those public or private organisations to which we are obliged to provide your personal information in the case of obeying a law will have access to your information. For example,\u00a0the fiscal law obliges certain information to be supplied to the tax agency about economic movements above a certain amount.<\/p><p>In the case that there were another circumstance\u00a0outside of those already mentioned, with whom we would need to share your personal information, we will ask for your permission beforehand \u00a0through clear options which will allow you to decide in this respect.\u00a0<\/p><ul><li><strong>How are we going to protect your data?<\/strong><\/li><\/ul><p>We will protect your data through\u00a0efficient security methods based on the risks\u00a0that the use of your information brings.<\/p><p>For this, our organisation has passed a Data Protection policy and annual controls and audits are carried out to verify that your personal data are secure at all times.<\/p><ul><li><strong>Do we send your data to other countries?<\/strong><\/li><\/ul><p>In the world, there are countries that are safe for your data and others that are not so much. So for example, the EU is a safe space for your data. Our policy is to not send your personal infromation to any country that might not be safe from a Data Protection point of view.<\/p><p>In the case of offering you a service, it might be important to send your data to a country that is not so safe like Spain, we will always ask beforehand for your permission and we will apply effective safety measures to reduce the risk of sending your personal information to another country.<\/p><ul><li><strong>How long will we keep your data for?<\/strong><\/li><\/ul><p>We will keep your data during our business relationship and whilst laws oblige us to. Once the applicable legal period ends, we will\u00a0proceed to eliminate them in a secure and respectful way with the\u00a0environment.<\/p><ul><li><strong>What are your rights for Data Protection?<\/strong><\/li><\/ul><p>At any moment, you can\u00a0speak to us to know what information we have about you, change if it were to be incorrect and remove it at the end of our business relationship, in the case that this is legally possible.<\/p><p>Also you have the right to request the information to be moved to another organisation. This right is called\u00a0&#8216;portability&#8217; and can be useful in some situations.<\/p><p>To request any of these rights, you should make a written request to our address, along with a copy of your ID Card, to be able to\u00a0certify your identity.<\/p><p>In the offices of our organisation we have specific forms available to requested these rights and we are available to help you fill these in.<\/p><p>For more information about your Data Protection Rights, you can consult the webpage Data Protection Spanish Agency (<a href=\"http:\/\/www.agpd.es\">www.agpd.es<\/a>).<\/p><ul><li><strong>Can you take back your consent if you change your mind in later?<\/strong><\/li><\/ul><p>You can take back your consent if you change your mind about the use of your data at any time.<\/p><p>So for example, if you\u00a0in your day were interested in receiving information about our products and services, but you no longer want to receive more information, you let us know through the Disagreement of data treatment form\u00a0available in our organisation&#8217;s offices.<\/p><ul><li><strong>In the case that you discover your rights have been\u00a0disregarded, where can you file a complaint?<\/strong><\/li><\/ul><p>In the case that you discover your rights have been disregarded by our organisation, you can file a complaint with the Spanish Data Protection agency, through one of the following ways:<\/p><ul><li>Website: www.agpd.es<\/li><li>Postal Address: Agencia Espa\u00f1ola de Protecci\u00f3n de Datos &#8211; C\/ Jorge Juan, 6 &#8211; 28001-Madrid<\/li><li>Telephone: Tel. 901 100 099 &#8211; Tel. 91 266 35 17<\/li><\/ul><p>Filing a complaint in the Spanish Agency for Data Protection does not implicate any cost and it is not necessary to have a lawyer\u00a0or attorney present.<\/p><ul><li><strong>Will we\u00a0create profiles about you?<\/strong><\/li><\/ul><p>Our policy is to not create profiles about the users of our services.<\/p><p>However, situations can occur in which, in order to offer your our services, commercial or any other type, we might need to create profiles of information about you. An example could be the use of your purchasing history or services to be able to offer you products or services adapted to your tastes and needs.\u00a0<\/p><p>In such a case, we will apply efficient security measures which protect your information at all time from unauthorised persons who try to use it for their own benefit.<\/p><ul><li><strong>Will we use your data for other purposes?<\/strong><\/li><\/ul><p>Our policy is to not use your data for other purposes other than those which we have explained to you. If, however, we were to need to use your data for different activities, we would always ask beforehand for your permission through clear options which would allow you to make a decision on the matter.\u00a0<\/p>\t\t\t\t\t\t\t\t<\/div>\n\t\t\t\t<\/div>\n\t\t\t\t\t<\/div>\n\t\t<\/div>\n\t\t\t\t\t<\/div>\n\t\t<\/section>\n\t\t\t\t<\/div>\n\t\t","protected":false},"excerpt":{"rendered":"<p>Your secure data. Information in compliance with protection of personal data. In Europe and Spain there are data protection rules created to protect your personal information, compulsory for our organisation to comply with. For this, it is very important for us that you understand perfectly what we are going to do with your personal data &#8230; <a title=\"Your secure data\" class=\"read-more\" href=\"https:\/\/www.advanced-rsm.com\/en\/your-secure-data\/\" aria-label=\"Read more about Your secure data\">Read more<\/a><\/p>\n","protected":false},"author":1,"featured_media":0,"parent":0,"menu_order":0,"comment_status":"closed","ping_status":"closed","template":"elementor_header_footer","meta":{"_acf_changed":false,"footnotes":""},"class_list":["post-2348","page","type-page","status-publish"],"acf":[],"yoast_head":"<!-- This site is optimized with the Yoast SEO plugin v27.3 - https:\/\/yoast.com\/product\/yoast-seo-wordpress\/ -->\n<title>Your secure data - Advanced<\/title>\n<meta name=\"robots\" content=\"index, follow, max-snippet:-1, max-image-preview:large, max-video-preview:-1\" \/>\n<link rel=\"canonical\" href=\"https:\/\/www.advanced-rsm.com\/en\/your-secure-data\/\" \/>\n<meta property=\"og:locale\" content=\"en_US\" \/>\n<meta property=\"og:type\" content=\"article\" \/>\n<meta property=\"og:title\" content=\"Your secure data - Advanced\" \/>\n<meta property=\"og:description\" content=\"Your secure data. Information in compliance with protection of personal data. In Europe and Spain there are data protection rules created to protect your personal information, compulsory for our organisation to comply with. For this, it is very important for us that you understand perfectly what we are going to do with your personal data ... Read more\" \/>\n<meta property=\"og:url\" content=\"https:\/\/www.advanced-rsm.com\/en\/your-secure-data\/\" \/>\n<meta property=\"og:site_name\" content=\"Advanced\" \/>\n<meta property=\"article:modified_time\" content=\"2019-02-19T08:46:14+00:00\" \/>\n<meta name=\"twitter:card\" content=\"summary_large_image\" \/>\n<meta name=\"twitter:label1\" content=\"Est. reading time\" \/>\n\t<meta name=\"twitter:data1\" content=\"6 minutes\" \/>\n<script type=\"application\/ld+json\" class=\"yoast-schema-graph\">{\"@context\":\"https:\\\/\\\/schema.org\",\"@graph\":[{\"@type\":\"WebPage\",\"@id\":\"https:\\\/\\\/www.advanced-rsm.com\\\/en\\\/your-secure-data\\\/\",\"url\":\"https:\\\/\\\/www.advanced-rsm.com\\\/en\\\/your-secure-data\\\/\",\"name\":\"Your secure data - Advanced\",\"isPartOf\":{\"@id\":\"https:\\\/\\\/www.advanced-rsm.com\\\/en\\\/#website\"},\"datePublished\":\"2018-10-09T15:08:18+00:00\",\"dateModified\":\"2019-02-19T08:46:14+00:00\",\"breadcrumb\":{\"@id\":\"https:\\\/\\\/www.advanced-rsm.com\\\/en\\\/your-secure-data\\\/#breadcrumb\"},\"inLanguage\":\"en-US\",\"potentialAction\":[{\"@type\":\"ReadAction\",\"target\":[\"https:\\\/\\\/www.advanced-rsm.com\\\/en\\\/your-secure-data\\\/\"]}]},{\"@type\":\"BreadcrumbList\",\"@id\":\"https:\\\/\\\/www.advanced-rsm.com\\\/en\\\/your-secure-data\\\/#breadcrumb\",\"itemListElement\":[{\"@type\":\"ListItem\",\"position\":1,\"name\":\"Home\",\"item\":\"https:\\\/\\\/www.advanced-rsm.com\\\/en\\\/\"},{\"@type\":\"ListItem\",\"position\":2,\"name\":\"Your secure data\"}]},{\"@type\":\"WebSite\",\"@id\":\"https:\\\/\\\/www.advanced-rsm.com\\\/en\\\/#website\",\"url\":\"https:\\\/\\\/www.advanced-rsm.com\\\/en\\\/\",\"name\":\"Advanced\",\"description\":\"ADVANCED es una compa\u00f1\u00eda independiente especializada en Consultor\u00eda de Marketing y en Soluciones Adhoc de Market Research, que integra t\u00e9cnicas tradicionales de investigaci\u00f3n de mercados, comunidad online, an\u00e1lisis digital, neurociencias del consumidor e inteligencia artificial\",\"publisher\":{\"@id\":\"https:\\\/\\\/www.advanced-rsm.com\\\/en\\\/#organization\"},\"potentialAction\":[{\"@type\":\"SearchAction\",\"target\":{\"@type\":\"EntryPoint\",\"urlTemplate\":\"https:\\\/\\\/www.advanced-rsm.com\\\/en\\\/?s={search_term_string}\"},\"query-input\":{\"@type\":\"PropertyValueSpecification\",\"valueRequired\":true,\"valueName\":\"search_term_string\"}}],\"inLanguage\":\"en-US\"},{\"@type\":\"Organization\",\"@id\":\"https:\\\/\\\/www.advanced-rsm.com\\\/en\\\/#organization\",\"name\":\"ADVANCED\",\"url\":\"https:\\\/\\\/www.advanced-rsm.com\\\/en\\\/\",\"logo\":{\"@type\":\"ImageObject\",\"inLanguage\":\"en-US\",\"@id\":\"https:\\\/\\\/www.advanced-rsm.com\\\/en\\\/#\\\/schema\\\/logo\\\/image\\\/\",\"url\":\"https:\\\/\\\/www.advanced-rsm.com\\\/wp-content\\\/uploads\\\/logo-4498ed.jpg\",\"contentUrl\":\"https:\\\/\\\/www.advanced-rsm.com\\\/wp-content\\\/uploads\\\/logo-4498ed.jpg\",\"width\":558,\"height\":128,\"caption\":\"ADVANCED\"},\"image\":{\"@id\":\"https:\\\/\\\/www.advanced-rsm.com\\\/en\\\/#\\\/schema\\\/logo\\\/image\\\/\"}}]}<\/script>\n<!-- \/ Yoast SEO plugin. -->","yoast_head_json":{"title":"Your secure data - Advanced","robots":{"index":"index","follow":"follow","max-snippet":"max-snippet:-1","max-image-preview":"max-image-preview:large","max-video-preview":"max-video-preview:-1"},"canonical":"https:\/\/www.advanced-rsm.com\/en\/your-secure-data\/","og_locale":"en_US","og_type":"article","og_title":"Your secure data - Advanced","og_description":"Your secure data. Information in compliance with protection of personal data. In Europe and Spain there are data protection rules created to protect your personal information, compulsory for our organisation to comply with. For this, it is very important for us that you understand perfectly what we are going to do with your personal data ... Read more","og_url":"https:\/\/www.advanced-rsm.com\/en\/your-secure-data\/","og_site_name":"Advanced","article_modified_time":"2019-02-19T08:46:14+00:00","twitter_card":"summary_large_image","twitter_misc":{"Est. reading time":"6 minutes"},"schema":{"@context":"https:\/\/schema.org","@graph":[{"@type":"WebPage","@id":"https:\/\/www.advanced-rsm.com\/en\/your-secure-data\/","url":"https:\/\/www.advanced-rsm.com\/en\/your-secure-data\/","name":"Your secure data - Advanced","isPartOf":{"@id":"https:\/\/www.advanced-rsm.com\/en\/#website"},"datePublished":"2018-10-09T15:08:18+00:00","dateModified":"2019-02-19T08:46:14+00:00","breadcrumb":{"@id":"https:\/\/www.advanced-rsm.com\/en\/your-secure-data\/#breadcrumb"},"inLanguage":"en-US","potentialAction":[{"@type":"ReadAction","target":["https:\/\/www.advanced-rsm.com\/en\/your-secure-data\/"]}]},{"@type":"BreadcrumbList","@id":"https:\/\/www.advanced-rsm.com\/en\/your-secure-data\/#breadcrumb","itemListElement":[{"@type":"ListItem","position":1,"name":"Home","item":"https:\/\/www.advanced-rsm.com\/en\/"},{"@type":"ListItem","position":2,"name":"Your secure data"}]},{"@type":"WebSite","@id":"https:\/\/www.advanced-rsm.com\/en\/#website","url":"https:\/\/www.advanced-rsm.com\/en\/","name":"Advanced","description":"ADVANCED es una compa\u00f1\u00eda independiente especializada en Consultor\u00eda de Marketing y en Soluciones Adhoc de Market Research, que integra t\u00e9cnicas tradicionales de investigaci\u00f3n de mercados, comunidad online, an\u00e1lisis digital, neurociencias del consumidor e inteligencia artificial","publisher":{"@id":"https:\/\/www.advanced-rsm.com\/en\/#organization"},"potentialAction":[{"@type":"SearchAction","target":{"@type":"EntryPoint","urlTemplate":"https:\/\/www.advanced-rsm.com\/en\/?s={search_term_string}"},"query-input":{"@type":"PropertyValueSpecification","valueRequired":true,"valueName":"search_term_string"}}],"inLanguage":"en-US"},{"@type":"Organization","@id":"https:\/\/www.advanced-rsm.com\/en\/#organization","name":"ADVANCED","url":"https:\/\/www.advanced-rsm.com\/en\/","logo":{"@type":"ImageObject","inLanguage":"en-US","@id":"https:\/\/www.advanced-rsm.com\/en\/#\/schema\/logo\/image\/","url":"https:\/\/www.advanced-rsm.com\/wp-content\/uploads\/logo-4498ed.jpg","contentUrl":"https:\/\/www.advanced-rsm.com\/wp-content\/uploads\/logo-4498ed.jpg","width":558,"height":128,"caption":"ADVANCED"},"image":{"@id":"https:\/\/www.advanced-rsm.com\/en\/#\/schema\/logo\/image\/"}}]}},"_links":{"self":[{"href":"https:\/\/www.advanced-rsm.com\/en\/wp-json\/wp\/v2\/pages\/2348","targetHints":{"allow":["GET"]}}],"collection":[{"href":"https:\/\/www.advanced-rsm.com\/en\/wp-json\/wp\/v2\/pages"}],"about":[{"href":"https:\/\/www.advanced-rsm.com\/en\/wp-json\/wp\/v2\/types\/page"}],"author":[{"embeddable":true,"href":"https:\/\/www.advanced-rsm.com\/en\/wp-json\/wp\/v2\/users\/1"}],"replies":[{"embeddable":true,"href":"https:\/\/www.advanced-rsm.com\/en\/wp-json\/wp\/v2\/comments?post=2348"}],"version-history":[{"count":2,"href":"https:\/\/www.advanced-rsm.com\/en\/wp-json\/wp\/v2\/pages\/2348\/revisions"}],"predecessor-version":[{"id":2351,"href":"https:\/\/www.advanced-rsm.com\/en\/wp-json\/wp\/v2\/pages\/2348\/revisions\/2351"}],"wp:attachment":[{"href":"https:\/\/www.advanced-rsm.com\/en\/wp-json\/wp\/v2\/media?parent=2348"}],"curies":[{"name":"wp","href":"https:\/\/api.w.org\/{rel}","templated":true}]}}